{"id":1350,"date":"2021-03-22T19:52:37","date_gmt":"2021-03-22T16:52:37","guid":{"rendered":"https:\/\/faruksuleymanberber.com.tr\/?page_id=1350"},"modified":"2023-10-01T13:45:48","modified_gmt":"2023-10-01T10:45:48","slug":"mesleki-deneyim","status":"publish","type":"page","link":"https:\/\/faruksuleymanberber.com.tr\/?page_id=1350","title":{"rendered":"Mesleki Deneyim"},"content":{"rendered":"\t\t<div data-elementor-type=\"wp-page\" data-elementor-id=\"1350\" class=\"elementor elementor-1350\" data-elementor-settings=\"[]\">\n\t\t\t\t\t\t\t<div class=\"elementor-section-wrap\">\n\t\t\t\t\t\t\t<section class=\"elementor-section elementor-top-section elementor-element elementor-element-6852faa elementor-section-boxed elementor-section-height-default elementor-section-height-default\" data-id=\"6852faa\" data-element_type=\"section\">\n\t\t\t\t\t\t<div class=\"elementor-container elementor-column-gap-default\">\n\t\t\t\t\t<div class=\"elementor-column elementor-col-100 elementor-top-column elementor-element elementor-element-181795e\" data-id=\"181795e\" data-element_type=\"column\">\n\t\t\t<div class=\"elementor-widget-wrap elementor-element-populated\">\n\t\t\t\t\t\t\t\t<div class=\"elementor-element elementor-element-c393ab6 elementor-widget elementor-widget-image\" data-id=\"c393ab6\" data-element_type=\"widget\" data-widget_type=\"image.default\">\n\t\t\t\t<div class=\"elementor-widget-container\">\n\t\t\t\t\t<div class=\"elementor-image\">\n\t\t\t\t\t\t\t\t\t\t<img loading=\"lazy\" decoding=\"async\" width=\"150\" height=\"150\" src=\"https:\/\/faruksuleymanberber.com.tr\/wp-content\/uploads\/2021\/03\/sdu-logo-150x150.png\" class=\"attachment-thumbnail size-thumbnail\" alt=\"\" srcset=\"https:\/\/faruksuleymanberber.com.tr\/wp-content\/uploads\/2021\/03\/sdu-logo-150x150.png 150w, https:\/\/faruksuleymanberber.com.tr\/wp-content\/uploads\/2021\/03\/sdu-logo-300x300.png 300w, https:\/\/faruksuleymanberber.com.tr\/wp-content\/uploads\/2021\/03\/sdu-logo-1024x1024.png 1024w, https:\/\/faruksuleymanberber.com.tr\/wp-content\/uploads\/2021\/03\/sdu-logo-768x767.png 768w, https:\/\/faruksuleymanberber.com.tr\/wp-content\/uploads\/2021\/03\/sdu-logo.png 1307w\" sizes=\"(max-width: 150px) 100vw, 150px\" \/>\t\t\t\t\t\t\t\t\t\t\t<\/div>\n\t\t\t\t<\/div>\n\t\t\t\t<\/div>\n\t\t\t\t\t<\/div>\n\t\t<\/div>\n\t\t\t\t\t\t\t<\/div>\n\t\t<\/section>\n\t\t\t\t<section class=\"elementor-section elementor-top-section elementor-element elementor-element-e3036f6 elementor-section-boxed elementor-section-height-default elementor-section-height-default\" data-id=\"e3036f6\" data-element_type=\"section\">\n\t\t\t\t\t\t<div class=\"elementor-container elementor-column-gap-default\">\n\t\t\t\t\t<div class=\"elementor-column elementor-col-100 elementor-top-column elementor-element elementor-element-516798f\" data-id=\"516798f\" data-element_type=\"column\">\n\t\t\t<div class=\"elementor-widget-wrap elementor-element-populated\">\n\t\t\t\t\t\t\t\t<div class=\"elementor-element elementor-element-cb1d4ef elementor-widget elementor-widget-text-editor\" data-id=\"cb1d4ef\" data-element_type=\"widget\" data-widget_type=\"text-editor.default\">\n\t\t\t\t<div class=\"elementor-widget-container\">\n\t\t\t\t\t<div class=\"elementor-text-editor elementor-clearfix\"><div><h4>AKADEM\u0130K UNVANLAR<\/h4><ul><li><h3>2018 &#8211; Devam Ediyor\u00a0<br \/>\u00d6\u011fretim G\u00f6revlisi Dr.<\/h3><div><p>S\u00fcleyman Demirel \u00dcniversitesi, Rekt\u00f6rl\u00fck, Enformatik B\u00f6l\u00fcm Ba\u015fkanl\u0131\u011f\u0131<\/p><\/div><\/li><li><h3>2011 &#8211; 2018\u00a0<br \/>Okutman<\/h3><div><p>S\u00fcleyman Demirel \u00dcniversitesi, Uzaktan E\u011fitim MYO, Bilgisayar Teknolojileri Ve Programlama<\/p><\/div><\/li><li><h3>2010 &#8211; 2018\u00a0<br \/>Okutman<\/h3><div><p>S\u00fcleyman Demirel \u00dcniversitesi, Rekt\u00f6rl\u00fck, Enformatik B\u00f6l\u00fcm Ba\u015fkanl\u0131\u011f\u0131<\/p><\/div><\/li><li><h3>2010 <br \/>Bili\u015fim Teknolojileri Alan\u0131 \u00d6\u011fretmeni<\/h3><div style=\"font-family: Roboto, sans-serif; font-weight: 400;\"><p><span style=\"font-size: 1em; font-family: var( --e-global-typography-text-font-family ), Sans-serif; font-weight: var( --e-global-typography-text-font-weight );\">MEB Isparta Anadolu Lisesi ve\u00a0<\/span><span style=\"font-size: 1em; font-family: var( --e-global-typography-text-font-family ), Sans-serif; font-weight: var( --e-global-typography-text-font-weight );\">MEB Isparta Meryem Albayrak Anadolu Ticaret Meslek Lisesi<\/span><\/p><\/div><\/li><li><h3>2004-2006<br \/>Bilgisayar Sistemleri \u00d6\u011fretmeni<\/h3><div style=\"font-family: Roboto, sans-serif; font-weight: 400;\"><p><span style=\"font-size: 1em; font-family: var( --e-global-typography-text-font-family ), Sans-serif; font-weight: var( --e-global-typography-text-font-weight );\">MEB Isparta S\u00fct\u00e7\u00fcler \u00c7ok Programl\u0131 Lise<\/span><\/p><\/div><\/li><\/ul><\/div><div><h4>Y\u00d6NET\u0130MSEL G\u00d6REVLER<\/h4><ul><li><h3>2022 &#8211; 2023\u00a0\u00a0<br \/>B\u00f6l\u00fcm Ba\u015fkan\u0131<\/h3><div><p>S\u00fcleyman Demirel \u00dcniversitesi, Rekt\u00f6rl\u00fck, Enformatik B\u00f6l\u00fcm Ba\u015fkanl\u0131\u011f\u0131<\/p><\/div><\/li><li><h3>2018 &#8211; 2022\u00a0\u00a0<br \/>B\u00f6l\u00fcm Ba\u015fkan Yard\u0131mc\u0131s\u0131<\/h3><div><p>S\u00fcleyman Demirel \u00dcniversitesi, Rekt\u00f6rl\u00fck, Enformatik B\u00f6l\u00fcm Ba\u015fkanl\u0131\u011f\u0131<\/p><\/div><\/li><li><h3>2018 &#8211; 2019\u00a0<br \/>M\u00fcd\u00fcr Yard\u0131mc\u0131s\u0131<\/h3><div><p>S\u00fcleyman Demirel \u00dcniversitesi, Rekt\u00f6rl\u00fck, Uzaktan E\u011fitim Uygulama Ve Ara\u015ft\u0131rma Merkezi M\u00fcd\u00fcrl\u00fc\u011f\u00fc<\/p><\/div><\/li><li><h3>2011 &#8211; 2014\u00a0\u00a0<br \/>M\u00fcd\u00fcr Yard\u0131mc\u0131s\u0131<\/h3><div><p>S\u00fcleyman Demirel \u00dcniversitesi, Uzaktan E\u011fitim MYO<\/p><\/div><\/li><li><h3>2011 &#8211; 2014\u00a0<br \/>B\u00f6l\u00fcm Ba\u015fkan Yard\u0131mc\u0131s\u0131<\/h3><div><p>S\u00fcleyman Demirel \u00dcniversitesi, Rekt\u00f6rl\u00fck, Enformatik B\u00f6l\u00fcm Ba\u015fkanl\u0131\u011f\u0131<\/p><\/div><\/li><\/ul><div><ul style=\"font-size: 16px;\"><li><h3>2009 &#8211; 2010<br \/>M\u00fcd\u00fcr<\/h3><div><p>MEB Isparta S\u00fct\u00e7\u00fcler \u00c7ok Programl\u0131 Lise<\/p><\/div><\/li><\/ul><div><ul style=\"font-size: 16px;\"><li><h3>2006 &#8211; 2009<br \/>Bili\u015fim Teknolojileri Alan\u0131 \u015eefi<\/h3><div><p>MEB Isparta S\u00fct\u00e7\u00fcler \u00c7ok Programl\u0131 Lise<\/p><\/div><\/li><\/ul><\/div><\/div><\/div><\/div>\n\t\t\t\t<\/div>\n\t\t\t\t<\/div>\n\t\t\t\t\t<\/div>\n\t\t<\/div>\n\t\t\t\t\t\t\t<\/div>\n\t\t<\/section>\n\t\t\t\t\t\t<\/div>\n\t\t\t\t\t<\/div>\n\t\t","protected":false},"excerpt":{"rendered":"<p>AKADEM\u0130K UNVANLAR 2018 &#8211; Devam Ediyor\u00a0\u00d6\u011fretim G\u00f6revlisi Dr. S\u00fcleyman Demirel \u00dcniversitesi, Rekt\u00f6rl\u00fck, Enformatik B\u00f6l\u00fcm Ba\u015fkanl\u0131\u011f\u0131 2011 &#8211; 2018\u00a0Okutman S\u00fcleyman Demirel \u00dcniversitesi, Uzaktan E\u011fitim MYO, Bilgisayar&#8230;<\/p>\n<div class=\"more-link-wrapper\"><a class=\"more-link\" href=\"https:\/\/faruksuleymanberber.com.tr\/?page_id=1350\">Devam\u0131n\u0131 okuyun<span class=\"screen-reader-text\">Mesleki Deneyim<\/span><\/a><\/div>\n","protected":false},"author":1,"featured_media":0,"parent":0,"menu_order":0,"comment_status":"closed","ping_status":"closed","template":"","meta":{"footnotes":""},"_links":{"self":[{"href":"https:\/\/faruksuleymanberber.com.tr\/index.php?rest_route=\/wp\/v2\/pages\/1350"}],"collection":[{"href":"https:\/\/faruksuleymanberber.com.tr\/index.php?rest_route=\/wp\/v2\/pages"}],"about":[{"href":"https:\/\/faruksuleymanberber.com.tr\/index.php?rest_route=\/wp\/v2\/types\/page"}],"author":[{"embeddable":true,"href":"https:\/\/faruksuleymanberber.com.tr\/index.php?rest_route=\/wp\/v2\/users\/1"}],"replies":[{"embeddable":true,"href":"https:\/\/faruksuleymanberber.com.tr\/index.php?rest_route=%2Fwp%2Fv2%2Fcomments&post=1350"}],"version-history":[{"count":16,"href":"https:\/\/faruksuleymanberber.com.tr\/index.php?rest_route=\/wp\/v2\/pages\/1350\/revisions"}],"predecessor-version":[{"id":1523,"href":"https:\/\/faruksuleymanberber.com.tr\/index.php?rest_route=\/wp\/v2\/pages\/1350\/revisions\/1523"}],"wp:attachment":[{"href":"https:\/\/faruksuleymanberber.com.tr\/index.php?rest_route=%2Fwp%2Fv2%2Fmedia&parent=1350"}],"curies":[{"name":"wp","href":"https:\/\/api.w.org\/{rel}","templated":true}]}}