{"id":1306,"date":"2021-03-22T16:32:16","date_gmt":"2021-03-22T13:32:16","guid":{"rendered":"https:\/\/faruksuleymanberber.com.tr\/?page_id=1306"},"modified":"2021-03-23T11:17:01","modified_gmt":"2021-03-23T08:17:01","slug":"iletisim","status":"publish","type":"page","link":"https:\/\/faruksuleymanberber.com.tr\/?page_id=1306","title":{"rendered":"\u0130leti\u015fim"},"content":{"rendered":"<div role=\"form\" class=\"wpcf7\" id=\"wpcf7-f1320-o1\" lang=\"tr-TR\" dir=\"ltr\">\n<div class=\"screen-reader-response\"><p role=\"status\" aria-live=\"polite\" aria-atomic=\"true\"><\/p> <ul><\/ul><\/div>\n<form action=\"\/index.php?rest_route=%2Fwp%2Fv2%2Fpages%2F1306#wpcf7-f1320-o1\" method=\"post\" class=\"wpcf7-form init\" novalidate=\"novalidate\" data-status=\"init\">\n<div style=\"display: none;\">\n<input type=\"hidden\" name=\"_wpcf7\" value=\"1320\" \/>\n<input type=\"hidden\" name=\"_wpcf7_version\" value=\"5.4\" \/>\n<input type=\"hidden\" name=\"_wpcf7_locale\" value=\"tr_TR\" \/>\n<input type=\"hidden\" name=\"_wpcf7_unit_tag\" value=\"wpcf7-f1320-o1\" \/>\n<input type=\"hidden\" name=\"_wpcf7_container_post\" value=\"0\" \/>\n<input type=\"hidden\" name=\"_wpcf7_posted_data_hash\" value=\"\" \/>\n<input type=\"hidden\" name=\"_wpcf7_recaptcha_response\" value=\"\" \/>\n<\/div>\n<p><label> Ad\u0131n\u0131z<br \/>\n    <span class=\"wpcf7-form-control-wrap your-name\"><input type=\"text\" name=\"your-name\" value=\"\" size=\"40\" class=\"wpcf7-form-control wpcf7-text wpcf7-validates-as-required\" aria-required=\"true\" aria-invalid=\"false\" \/><\/span> <\/label><\/p>\n<p><label> E-posta adresiniz<br \/>\n    <span class=\"wpcf7-form-control-wrap your-email\"><input type=\"email\" name=\"your-email\" value=\"\" size=\"40\" class=\"wpcf7-form-control wpcf7-text wpcf7-email wpcf7-validates-as-required wpcf7-validates-as-email\" aria-required=\"true\" aria-invalid=\"false\" \/><\/span> <\/label><\/p>\n<p><label> Konu<br \/>\n    <span class=\"wpcf7-form-control-wrap your-subject\"><input type=\"text\" name=\"your-subject\" value=\"\" size=\"40\" class=\"wpcf7-form-control wpcf7-text wpcf7-validates-as-required\" aria-required=\"true\" aria-invalid=\"false\" \/><\/span> <\/label><\/p>\n<p><label> \u0130letiniz (tercihe ba\u011fl\u0131)<br \/>\n    <span class=\"wpcf7-form-control-wrap your-message\"><textarea name=\"your-message\" cols=\"40\" rows=\"10\" class=\"wpcf7-form-control wpcf7-textarea\" aria-invalid=\"false\"><\/textarea><\/span> <\/label><\/p>\n<div class=\"anr_captcha_field\"><div id=\"anr_captcha_field_1\" class=\"anr_captcha_field_div\"><\/div><\/div><span class=\"wpcf7-form-control-wrap g-recaptcha-response\"><\/span><br \/>\n<input type=\"submit\" value=\"G\u00f6nder\" class=\"wpcf7-form-control wpcf7-submit\" \/><\/p>\n<div class=\"wpcf7-response-output\" aria-hidden=\"true\"><\/div><\/form><\/div>[vc_row][vc_column][vc_gmaps link=&#8221;#E-8_JTNDaWZyYW1lJTIwc3JjJTNEJTIyaHR0cHMlM0ElMkYlMkZ3d3cuZ29vZ2xlLmNvbSUyRm1hcHMlMkZlbWJlZCUzRnBiJTNEJTIxMW0xOCUyMTFtMTIlMjExbTMlMjExZDE0OTkwLjU3ODcxMzc1NzI3MyUyMTJkMzAuNTEzOTE3NjI4NTYzNTMlMjEzZDM3LjgyNzk2NjA1Mjk0MzIyJTIxMm0zJTIxMWYwJTIxMmYwJTIxM2YwJTIxM20yJTIxMWkxMDI0JTIxMmk3NjglMjE0ZjEzLjElMjEzbTMlMjExbTIlMjExczB4MTRjNWM5ZDdjOTdlYWMxOSUyNTNBMHgyYWIzYjExNjAyMzlkYjJhJTIxMnNTJTI1QzMlMjVCQ2xleW1hbiUyNTIwRGVtaXJlbCUyNTIwJTI1QzMlMjU5Q25pdmVyc2l0ZXNpJTIxNWUwJTIxM20yJTIxMXN0ciUyMTJzdHIlMjE0djE2MTY0ODczNjQ2MzclMjE1bTIlMjExc3RyJTIxMnN0ciUyMiUyMHdpZHRoJTNEJTIyNjAwJTIyJTIwaGVpZ2h0JTNEJTIyNDUwJTIyJTIwc3R5bGUlM0QlMjJib3JkZXIlM0EwJTNCJTIyJTIwYWxsb3dmdWxsc2NyZWVuJTNEJTIyJTIyJTIwbG9hZGluZyUzRCUyMmxhenklMjIlM0UlM0MlMkZpZnJhbWUlM0U=&#8221;][\/vc_column][\/vc_row]<\/p>\n","protected":false},"excerpt":{"rendered":"<p>[vc_row][vc_column][vc_gmaps link=&#8221;#E-8_JTNDaWZyYW1lJTIwc3JjJTNEJTIyaHR0cHMlM0ElMkYlMkZ3d3cuZ29vZ2xlLmNvbSUyRm1hcHMlMkZlbWJlZCUzRnBiJTNEJTIxMW0xOCUyMTFtMTIlMjExbTMlMjExZDE0OTkwLjU3ODcxMzc1NzI3MyUyMTJkMzAuNTEzOTE3NjI4NTYzNTMlMjEzZDM3LjgyNzk2NjA1Mjk0MzIyJTIxMm0zJTIxMWYwJTIxMmYwJTIxM2YwJTIxM20yJTIxMWkxMDI0JTIxMmk3NjglMjE0ZjEzLjElMjEzbTMlMjExbTIlMjExczB4MTRjNWM5ZDdjOTdlYWMxOSUyNTNBMHgyYWIzYjExNjAyMzlkYjJhJTIxMnNTJTI1QzMlMjVCQ2xleW1hbiUyNTIwRGVtaXJlbCUyNTIwJTI1QzMlMjU5Q25pdmVyc2l0ZXNpJTIxNWUwJTIxM20yJTIxMXN0ciUyMTJzdHIlMjE0djE2MTY0ODczNjQ2MzclMjE1bTIlMjExc3RyJTIxMnN0ciUyMiUyMHdpZHRoJTNEJTIyNjAwJTIyJTIwaGVpZ2h0JTNEJTIyNDUwJTIyJTIwc3R5bGUlM0QlMjJib3JkZXIlM0EwJTNCJTIyJTIwYWxsb3dmdWxsc2NyZWVuJTNEJTIyJTIyJTIwbG9hZGluZyUzRCUyMmxhenklMjIlM0UlM0MlMkZpZnJhbWUlM0U=&#8221;][\/vc_column][\/vc_row]<\/p>\n","protected":false},"author":1,"featured_media":0,"parent":0,"menu_order":0,"comment_status":"closed","ping_status":"closed","template":"","meta":{"footnotes":""},"_links":{"self":[{"href":"https:\/\/faruksuleymanberber.com.tr\/index.php?rest_route=\/wp\/v2\/pages\/1306"}],"collection":[{"href":"https:\/\/faruksuleymanberber.com.tr\/index.php?rest_route=\/wp\/v2\/pages"}],"about":[{"href":"https:\/\/faruksuleymanberber.com.tr\/index.php?rest_route=\/wp\/v2\/types\/page"}],"author":[{"embeddable":true,"href":"https:\/\/faruksuleymanberber.com.tr\/index.php?rest_route=\/wp\/v2\/users\/1"}],"replies":[{"embeddable":true,"href":"https:\/\/faruksuleymanberber.com.tr\/index.php?rest_route=%2Fwp%2Fv2%2Fcomments&post=1306"}],"version-history":[{"count":21,"href":"https:\/\/faruksuleymanberber.com.tr\/index.php?rest_route=\/wp\/v2\/pages\/1306\/revisions"}],"predecessor-version":[{"id":1438,"href":"https:\/\/faruksuleymanberber.com.tr\/index.php?rest_route=\/wp\/v2\/pages\/1306\/revisions\/1438"}],"wp:attachment":[{"href":"https:\/\/faruksuleymanberber.com.tr\/index.php?rest_route=%2Fwp%2Fv2%2Fmedia&parent=1306"}],"curies":[{"name":"wp","href":"https:\/\/api.w.org\/{rel}","templated":true}]}}