{"id":1299,"date":"2021-03-22T16:29:32","date_gmt":"2021-03-22T13:29:32","guid":{"rendered":"https:\/\/faruksuleymanberber.com.tr\/?page_id=1299"},"modified":"2021-03-28T18:00:27","modified_gmt":"2021-03-28T15:00:27","slug":"arastirma-alanlarim","status":"publish","type":"page","link":"https:\/\/faruksuleymanberber.com.tr\/?page_id=1299","title":{"rendered":"Ara\u015ft\u0131rma Alanlar\u0131"},"content":{"rendered":"<p>[vc_row][vc_column][vc_column_text]<\/p>\n<ul>\n<li>Adli Bili\u015fim<\/li>\n<li>Bilgisayar Bilimleri<\/li>\n<li>Bilgi G\u00fcvenli\u011fi ve G\u00fcvenilirli\u011fi<\/li>\n<li>Donan\u0131m<\/li>\n<li>Mikroprogramlama ve Kontrol Yap\u0131s\u0131<\/li>\n<li>Yaz\u0131l\u0131m<\/li>\n<li>Programlama Dilleri<\/li>\n<li>Yaz\u0131l\u0131m M\u00fchendisli\u011fi<\/li>\n<li>M\u00fchendislik ve Teknoloji<\/li>\n<li>Robotik<\/li>\n<li>Web Programlama<\/li>\n<li>Uzman Sistemler<\/li>\n<li>Kontrol Uygulamalar\u0131<\/li>\n<li>E\u011fitim ve Uzaktan E\u011fitim Uygulamalar\u0131<\/li>\n<li>Dijital Pazarlama,<\/li>\n<\/ul>\n<p>[\/vc_column_text][\/vc_column][\/vc_row]<\/p>\n","protected":false},"excerpt":{"rendered":"<p>[vc_row][vc_column][vc_column_text] Adli Bili\u015fim Bilgisayar Bilimleri Bilgi G\u00fcvenli\u011fi ve G\u00fcvenilirli\u011fi Donan\u0131m Mikroprogramlama ve Kontrol Yap\u0131s\u0131 Yaz\u0131l\u0131m Programlama Dilleri Yaz\u0131l\u0131m M\u00fchendisli\u011fi M\u00fchendislik ve Teknoloji Robotik Web Programlama&#8230;<\/p>\n<div class=\"more-link-wrapper\"><a class=\"more-link\" href=\"https:\/\/faruksuleymanberber.com.tr\/?page_id=1299\">Devam\u0131n\u0131 okuyun<span class=\"screen-reader-text\">Ara\u015ft\u0131rma Alanlar\u0131<\/span><\/a><\/div>\n","protected":false},"author":1,"featured_media":0,"parent":0,"menu_order":0,"comment_status":"closed","ping_status":"closed","template":"","meta":{"footnotes":""},"_links":{"self":[{"href":"https:\/\/faruksuleymanberber.com.tr\/index.php?rest_route=\/wp\/v2\/pages\/1299"}],"collection":[{"href":"https:\/\/faruksuleymanberber.com.tr\/index.php?rest_route=\/wp\/v2\/pages"}],"about":[{"href":"https:\/\/faruksuleymanberber.com.tr\/index.php?rest_route=\/wp\/v2\/types\/page"}],"author":[{"embeddable":true,"href":"https:\/\/faruksuleymanberber.com.tr\/index.php?rest_route=\/wp\/v2\/users\/1"}],"replies":[{"embeddable":true,"href":"https:\/\/faruksuleymanberber.com.tr\/index.php?rest_route=%2Fwp%2Fv2%2Fcomments&post=1299"}],"version-history":[{"count":7,"href":"https:\/\/faruksuleymanberber.com.tr\/index.php?rest_route=\/wp\/v2\/pages\/1299\/revisions"}],"predecessor-version":[{"id":1493,"href":"https:\/\/faruksuleymanberber.com.tr\/index.php?rest_route=\/wp\/v2\/pages\/1299\/revisions\/1493"}],"wp:attachment":[{"href":"https:\/\/faruksuleymanberber.com.tr\/index.php?rest_route=%2Fwp%2Fv2%2Fmedia&parent=1299"}],"curies":[{"name":"wp","href":"https:\/\/api.w.org\/{rel}","templated":true}]}}